{"id":1932,"date":"2024-12-21T19:51:53","date_gmt":"2024-12-21T18:51:53","guid":{"rendered":"https:\/\/naitre-en-couleurs.fr\/?page_id=1932"},"modified":"2025-04-18T09:21:02","modified_gmt":"2025-04-18T07:21:02","slug":"carnet","status":"publish","type":"page","link":"https:\/\/naitre-en-couleurs.fr\/carnet\/","title":{"rendered":"Carnet d&rsquo;\u00e9criture"},"content":{"rendered":"\n<div class=\"wp-block-columns is-layout-flex wp-container-core-columns-is-layout-28f84493 wp-block-columns-is-layout-flex\">\n<div class=\"wp-block-column is-layout-flow wp-block-column-is-layout-flow\" style=\"flex-basis:5%\"><\/div>\n\n\n\n<div class=\"wp-block-column is-layout-flow wp-block-column-is-layout-flow\" style=\"flex-basis:60%\">\n<h1 class=\"wp-block-heading\">Deux carnets d\u2019\u00e9criture, pour honorer ton histoire<\/h1>\n\n\n\n<p>Parce que chaque histoire est unique, et que chaque \u00e9motion m\u00e9rite d\u2019\u00eatre entendue, j\u2019ai cr\u00e9\u00e9 deux carnets d\u2019\u00e9criture pour t\u2019accompagner \u00e0 ton rythme, selon ton v\u00e9cu et tes besoins, dans les \u00e9tapes sensibles de ton parcours :<\/p>\n\n\n\n<ul class=\"wp-block-list\">\n<li>L\u2019un pour traverser un deuil p\u00e9rinatal,<\/li>\n\n\n\n<li>L\u2019autre pour accueillir la grossesse qui suit.<\/li>\n<\/ul>\n\n\n\n<p>Deux espaces \u00e0 toi, pour \u00e9crire, d\u00e9poser, garder une trace, honorer.<\/p>\n\n\n\n<div class=\"wp-block-buttons is-content-justification-center is-layout-flex wp-container-core-buttons-is-layout-a89b3969 wp-block-buttons-is-layout-flex\">\n<div class=\"wp-block-button is-style-outline is-style-outline--1\"><a class=\"wp-block-button__link wp-element-button\" href=\"#access-carnet\" style=\"border-radius:40px\">Acc\u00e9der aux carnets<\/a><\/div>\n<\/div>\n<\/div>\n\n\n\n<div class=\"wp-block-column is-vertically-aligned-center is-layout-flow wp-block-column-is-layout-flow\" style=\"flex-basis:30%\">\n<figure class=\"wp-block-image aligncenter size-full has-custom-border\"><img loading=\"lazy\" decoding=\"async\" width=\"724\" height=\"482\" src=\"https:\/\/naitre-en-couleurs.fr\/wp-content\/uploads\/2025\/04\/ecrire-sanstitre-1K-JPEG.webp\" alt=\"ecrire un journal dans le cas d'une grossesse arr\u00eat\u00e9e \u00e9criture guid\u00e9e\" class=\"wp-image-2113\" style=\"border-radius:40px;aspect-ratio:1;object-fit:cover\" srcset=\"https:\/\/naitre-en-couleurs.fr\/wp-content\/uploads\/2025\/04\/ecrire-sanstitre-1K-JPEG.webp 724w, https:\/\/naitre-en-couleurs.fr\/wp-content\/uploads\/2025\/04\/ecrire-sanstitre-1K-JPEG-300x200.webp 300w\" sizes=\"auto, (max-width: 724px) 100vw, 724px\" \/><\/figure>\n<\/div>\n\n\n\n<div class=\"wp-block-column is-layout-flow wp-block-column-is-layout-flow\" style=\"flex-basis:5%\"><\/div>\n<\/div>\n\n\n\n<div class=\"wp-block-columns is-layout-flex wp-container-core-columns-is-layout-28f84493 wp-block-columns-is-layout-flex\">\n<div class=\"wp-block-column is-layout-flow wp-block-column-is-layout-flow\" style=\"flex-basis:5%\"><\/div>\n\n\n\n<div class=\"wp-block-column is-vertically-aligned-center is-layout-flow wp-block-column-is-layout-flow\" style=\"flex-basis:30%\">\n<figure class=\"wp-block-image aligncenter size-full is-resized\"><img loading=\"lazy\" decoding=\"async\" width=\"500\" height=\"707\" src=\"https:\/\/naitre-en-couleurs.fr\/wp-content\/uploads\/2025\/04\/carnet-deuil-peri-1K-JPEG.webp\" alt=\"couverture-carnet-ecriture-deuil-perinatal\" class=\"wp-image-2108\" style=\"width:270px\" srcset=\"https:\/\/naitre-en-couleurs.fr\/wp-content\/uploads\/2025\/04\/carnet-deuil-peri-1K-JPEG.webp 500w, https:\/\/naitre-en-couleurs.fr\/wp-content\/uploads\/2025\/04\/carnet-deuil-peri-1K-JPEG-212x300.webp 212w\" sizes=\"auto, (max-width: 500px) 100vw, 500px\" \/><\/figure>\n\n\n\n<figure class=\"wp-block-image aligncenter size-full is-resized\"><img loading=\"lazy\" decoding=\"async\" width=\"500\" height=\"707\" src=\"https:\/\/naitre-en-couleurs.fr\/wp-content\/uploads\/2025\/04\/carnet-deuil-peri-page-1K-JPEG.webp\" alt=\"page-quand-tout-a-bascule-carnet-deuil-perinatal\" class=\"wp-image-2109\" style=\"width:250px\" srcset=\"https:\/\/naitre-en-couleurs.fr\/wp-content\/uploads\/2025\/04\/carnet-deuil-peri-page-1K-JPEG.webp 500w, https:\/\/naitre-en-couleurs.fr\/wp-content\/uploads\/2025\/04\/carnet-deuil-peri-page-1K-JPEG-212x300.webp 212w\" sizes=\"auto, (max-width: 500px) 100vw, 500px\" \/><\/figure>\n<\/div>\n\n\n\n<div class=\"wp-block-column is-layout-flow wp-block-column-is-layout-flow\" style=\"flex-basis:60%\">\n<h2 class=\"wp-block-heading\">Un carnet pour traverser le deuil p\u00e9rinatal : \u201cDans le silence, je t\u2019\u00e9cris\u201d<\/h2>\n\n\n\n<p>Que tu aies v\u00e9cu une fausse couche, une IVG, une IMG, une mort f\u0153tale in utero, une r\u00e9duction embryonnaire ou une naissance tr\u00e8s pr\u00e9matur\u00e9e\u2026 Ce carnet est l\u00e0 pour t\u2019offrir un espace o\u00f9 poser tes mots, tes larmes, tes souvenirs, ton amour.<\/p>\n\n\n\n<p>Pour raconter cette grossesse, m\u00eame br\u00e8ve. Pour donner une place \u00e0 ce b\u00e9b\u00e9, dans ta m\u00e9moire et dans ton c\u0153ur.<\/p>\n\n\n\n<ul class=\"wp-block-list\">\n<li>10 pages, repr\u00e9sentant 10 \u00e9tapes de ton parcours, avec des questions pour te guider et pour retracer ton histoire et ton v\u00e9cu : quand tu as appris la grossesse, les premiers moments de cette grossesse, puis quand tout a bascul\u00e9\u2026 et bien d\u2019autres encore, jusqu\u2019\u00e0 la reconstruction.<\/li>\n\n\n\n<li>\u00c0 imprimer selon ton besoin : certaines pages, une seule, ou toutes, dans l\u2019ordre que tu choisis.<\/li>\n\n\n\n<li>Un compagnon qui te suit dans le temps : tu commences d\u00e8s ton arr\u00eat de grossesse, ou quand tu en ressens le besoin, puis tu continues \u00e0 l\u2019utiliser autant que n\u00e9cessaire, jusqu\u2019\u00e0 ce que tu n\u2019en ressentes plus le besoin, ou que tu d\u00e9cides de poursuivre avec le second carnet.<\/li>\n\n\n\n<li>Un espace de douceur et de bienveillance qui t\u2019appartient totalement, pour t\u2019exprimer librement, sans jugement ni contrainte.<\/li>\n<\/ul>\n\n\n\n<div class=\"wp-block-buttons is-content-justification-center is-layout-flex wp-container-core-buttons-is-layout-a89b3969 wp-block-buttons-is-layout-flex\">\n<div class=\"wp-block-button is-style-outline is-style-outline--2\"><a class=\"wp-block-button__link wp-element-button\" href=\"#access-carnet\" style=\"border-radius:40px\">Acc\u00e9der aux carnets<\/a><\/div>\n<\/div>\n<\/div>\n\n\n\n<div class=\"wp-block-column is-layout-flow wp-block-column-is-layout-flow\"><\/div>\n\n\n\n<div class=\"wp-block-column is-layout-flow wp-block-column-is-layout-flow\" style=\"flex-basis:5%\"><\/div>\n<\/div>\n\n\n\n<div class=\"wp-block-columns is-layout-flex wp-container-core-columns-is-layout-28f84493 wp-block-columns-is-layout-flex\">\n<div class=\"wp-block-column is-layout-flow wp-block-column-is-layout-flow\" style=\"flex-basis:5%\"><\/div>\n\n\n\n<div class=\"wp-block-column is-vertically-aligned-center is-layout-flow wp-block-column-is-layout-flow\" style=\"flex-basis:30%\">\n<figure class=\"wp-block-image aligncenter size-full is-resized\"><img loading=\"lazy\" decoding=\"async\" width=\"500\" height=\"707\" src=\"https:\/\/naitre-en-couleurs.fr\/wp-content\/uploads\/2025\/04\/carnet-grossesse-apres-1K-JPEG.webp\" alt=\"couverture-carnet-ecriture-grossesse-arc-en-ciel\" class=\"wp-image-2110\" style=\"width:270px\" srcset=\"https:\/\/naitre-en-couleurs.fr\/wp-content\/uploads\/2025\/04\/carnet-grossesse-apres-1K-JPEG.webp 500w, https:\/\/naitre-en-couleurs.fr\/wp-content\/uploads\/2025\/04\/carnet-grossesse-apres-1K-JPEG-212x300.webp 212w\" sizes=\"auto, (max-width: 500px) 100vw, 500px\" \/><\/figure>\n\n\n\n<figure class=\"wp-block-image aligncenter size-full is-resized\"><img loading=\"lazy\" decoding=\"async\" width=\"500\" height=\"707\" src=\"https:\/\/naitre-en-couleurs.fr\/wp-content\/uploads\/2025\/04\/carnet-grossesse-apres-page-1K-JPEG.webp\" alt=\"page-renouveau-carnet-grossesse-arc-en-ciel\" class=\"wp-image-2111\" style=\"width:250px\" srcset=\"https:\/\/naitre-en-couleurs.fr\/wp-content\/uploads\/2025\/04\/carnet-grossesse-apres-page-1K-JPEG.webp 500w, https:\/\/naitre-en-couleurs.fr\/wp-content\/uploads\/2025\/04\/carnet-grossesse-apres-page-1K-JPEG-212x300.webp 212w\" sizes=\"auto, (max-width: 500px) 100vw, 500px\" \/><\/figure>\n<\/div>\n\n\n\n<div class=\"wp-block-column is-layout-flow wp-block-column-is-layout-flow\" style=\"flex-basis:60%\">\n<h2 class=\"wp-block-heading\">Un carnet pour la grossesse d\u2019apr\u00e8s : \u201cSous le souffle d\u2019un arc-en-ciel\u201d<\/h2>\n\n\n\n<p>Quand l\u2019espoir rena\u00eet, il ne vient pas seul. Il s\u2019accompagne souvent de peurs, de doutes, de souvenirs encore vifs, mais aussi d\u2019un amour immense pour ce b\u00e9b\u00e9 \u00e0 venir et pour celui ou celle qui n\u2019est plus l\u00e0.<br>Cette nouvelle grossesse peut faire \u00e9merger des \u00e9motions contradictoires, parfois difficiles \u00e0 partager avec l\u2019entourage.<\/p>\n\n\n\n<p>Ce carnet t\u2019invite \u00e0 poser tes mots sur ce que tu vis, \u00e0 accueillir tes \u00e9motions sans filtre, \u00e0 te reconnecter \u00e0 toi-m\u00eame dans ce moment si particulier.<br>Il te permet de faire de la place pour ce b\u00e9b\u00e9 \u00e0 venir, sans pour autant prendre celle de celui qui n\u2019est plus.<br>Un soutien discret et bienveillant, pour cheminer plus sereinement<\/p>\n\n\n\n<ul class=\"wp-block-list\">\n<li>11 pages, repr\u00e9sentant 11 \u00e9tapes de cette grossesse si particuli\u00e8re avec des questions pour te guider et pour parler des premi\u00e8res pens\u00e9es autour d\u2019une nouvelle grossesse, de l\u2019annonce, des examens, des dates sensibles\u2026 jusqu\u2019aux premiers instants avec ton b\u00e9b\u00e9.<\/li>\n\n\n\n<li>\u00c0 utiliser d\u00e8s le d\u00e9sir d\u2019une nouvelle grossesse ou pendant celle-ci. Seul ou en compl\u00e9ment du carnet pour traverser le deuil p\u00e9rinatal.<\/li>\n\n\n\n<li>Un espace pour accueillir chaque doute, chaque \u00e9motion, chaque ambivalence.<\/li>\n<\/ul>\n\n\n\n<div class=\"wp-block-buttons is-content-justification-center is-layout-flex wp-container-core-buttons-is-layout-a89b3969 wp-block-buttons-is-layout-flex\">\n<div class=\"wp-block-button is-style-outline is-style-outline--3\"><a class=\"wp-block-button__link wp-element-button\" href=\"#access-carnet\" style=\"border-radius:40px\">Acc\u00e9der aux carnets<\/a><\/div>\n<\/div>\n<\/div>\n\n\n\n<div class=\"wp-block-column is-layout-flow wp-block-column-is-layout-flow\"><\/div>\n\n\n\n<div class=\"wp-block-column is-layout-flow wp-block-column-is-layout-flow\" style=\"flex-basis:5%\"><\/div>\n<\/div>\n\n\n\n<div class=\"wp-block-columns is-layout-flex wp-container-core-columns-is-layout-28f84493 wp-block-columns-is-layout-flex\">\n<div class=\"wp-block-column is-layout-flow wp-block-column-is-layout-flow\" style=\"flex-basis:5%\"><\/div>\n\n\n\n<div class=\"wp-block-column is-layout-flow wp-block-column-is-layout-flow\" style=\"flex-basis:90%\">\n<h2 class=\"wp-block-heading\">Pourquoi ces carnets ?<\/h2>\n\n\n\n<p>Le deuil p\u00e9rinatal est un chemin intime, souvent solitaire. Parfois, il est difficile de parler, de partager avec l\u2019entourage. L\u2019\u00e9criture devient alors un refuge, un moyen de verbaliser, de mettre des mots et ainsi d\u2019apaiser, de donner une place \u00e0 ce qui a \u00e9t\u00e9 v\u00e9cu.<\/p>\n\n\n\n<p>J\u2019ai con\u00e7u ces carnets comme une main tendue, un soutien dans cette travers\u00e9e. Ils sont l\u00e0 pour t\u2019aider \u00e0 te reconnecter \u00e0 toi-m\u00eame, \u00e0 tes \u00e9motions, et \u00e0 ton propre cheminement.<\/p>\n<\/div>\n\n\n\n<div class=\"wp-block-column is-layout-flow wp-block-column-is-layout-flow\" style=\"flex-basis:5%\"><\/div>\n<\/div>\n\n\n\n<div class=\"wp-block-columns is-layout-flex wp-container-core-columns-is-layout-28f84493 wp-block-columns-is-layout-flex\">\n<div class=\"wp-block-column is-layout-flow wp-block-column-is-layout-flow\" style=\"flex-basis:5.36%\"><\/div>\n\n\n\n<div class=\"wp-block-column is-layout-flow wp-block-column-is-layout-flow\" style=\"flex-basis:40%\">\n<p>Je te l\u2019offre avec tout mon c\u0153ur.&nbsp;<br>Tu n\u2019es pas seul.e.<br>Ces carnets sont l\u00e0, quand tu seras pr\u00eat.e.<\/p>\n<\/div>\n\n\n\n<div class=\"wp-block-column is-layout-flow wp-block-column-is-layout-flow\" style=\"flex-basis:50%\" id=\"access-carnet\">\n                <div class=\"ml-embedded\" data-form=\"3W0Bi6\"><\/div>\n            \n<\/div>\n\n\n\n<div class=\"wp-block-column is-layout-flow wp-block-column-is-layout-flow\" style=\"flex-basis:5.36%\"><\/div>\n<\/div>\n\n\n\n<p><\/p>\n","protected":false},"excerpt":{"rendered":"<p>Deux carnets d\u2019\u00e9criture, pour honorer ton histoire Parce que chaque histoire est unique, et que chaque \u00e9motion m\u00e9rite d\u2019\u00eatre entendue, j\u2019ai cr\u00e9\u00e9 deux carnets d\u2019\u00e9criture pour t\u2019accompagner \u00e0 ton rythme, selon ton v\u00e9cu et tes besoins, dans les \u00e9tapes sensibles de ton parcours : Deux espaces \u00e0 toi, pour \u00e9crire, d\u00e9poser, garder une trace, honorer. [&hellip;]<\/p>\n","protected":false},"author":1,"featured_media":0,"parent":0,"menu_order":0,"comment_status":"closed","ping_status":"closed","template":"","meta":{"footnotes":""},"class_list":["post-1932","page","type-page","status-publish","hentry"],"blocksy_meta":[],"yoast_head":"<!-- This site is optimized with the Yoast SEO plugin v27.4 - https:\/\/yoast.com\/product\/yoast-seo-wordpress\/ -->\n<title>Carnet d&#039;\u00e9criture - Caroline, Doula des grossesses arr\u00eat\u00e9es et de celles d&#039;apr\u00e8s<\/title>\n<meta name=\"description\" content=\"Parce que chaque histoire est unique, j\u2019ai cr\u00e9\u00e9 deux carnets d\u2019\u00e9criture pour t\u2019accompagner dans les \u00e9tapes sensibles de ton parcours.\" \/>\n<meta name=\"robots\" content=\"index, follow, max-snippet:-1, max-image-preview:large, max-video-preview:-1\" \/>\n<link rel=\"canonical\" href=\"https:\/\/naitre-en-couleurs.fr\/carnet\/\" \/>\n<meta property=\"og:locale\" content=\"fr_FR\" \/>\n<meta property=\"og:type\" content=\"article\" \/>\n<meta property=\"og:title\" content=\"Carnet d&#039;\u00e9criture - Caroline, Doula des grossesses arr\u00eat\u00e9es et de celles d&#039;apr\u00e8s\" \/>\n<meta property=\"og:description\" content=\"Parce que chaque histoire est unique, j\u2019ai cr\u00e9\u00e9 deux carnets d\u2019\u00e9criture pour t\u2019accompagner dans les \u00e9tapes sensibles de ton parcours.\" \/>\n<meta property=\"og:url\" content=\"https:\/\/naitre-en-couleurs.fr\/carnet\/\" \/>\n<meta property=\"og:site_name\" content=\"Caroline, Doula des grossesses arr\u00eat\u00e9es et de celles d&#039;apr\u00e8s\" \/>\n<meta property=\"article:publisher\" content=\"https:\/\/www.facebook.com\/Naitre.en.Couleurs\" \/>\n<meta property=\"article:modified_time\" content=\"2025-04-18T07:21:02+00:00\" \/>\n<meta property=\"og:image\" content=\"https:\/\/naitre-en-couleurs.fr\/wp-content\/uploads\/2025\/04\/ecrire-sanstitre-1K-JPEG.webp\" \/>\n\t<meta property=\"og:image:width\" content=\"724\" \/>\n\t<meta property=\"og:image:height\" content=\"482\" \/>\n\t<meta property=\"og:image:type\" content=\"image\/webp\" \/>\n<meta name=\"twitter:card\" content=\"summary_large_image\" \/>\n<meta name=\"twitter:label1\" content=\"Dur\u00e9e de lecture estim\u00e9e\" \/>\n\t<meta name=\"twitter:data1\" content=\"4 minutes\" \/>\n<script type=\"application\/ld+json\" class=\"yoast-schema-graph\">{\"@context\":\"https:\\\/\\\/schema.org\",\"@graph\":[{\"@type\":\"WebPage\",\"@id\":\"https:\\\/\\\/naitre-en-couleurs.fr\\\/carnet\\\/\",\"url\":\"https:\\\/\\\/naitre-en-couleurs.fr\\\/carnet\\\/\",\"name\":\"Carnet d'\u00e9criture - Caroline, Doula des grossesses arr\u00eat\u00e9es et de celles d&#039;apr\u00e8s\",\"isPartOf\":{\"@id\":\"https:\\\/\\\/naitre-en-couleurs.fr\\\/#website\"},\"primaryImageOfPage\":{\"@id\":\"https:\\\/\\\/naitre-en-couleurs.fr\\\/carnet\\\/#primaryimage\"},\"image\":{\"@id\":\"https:\\\/\\\/naitre-en-couleurs.fr\\\/carnet\\\/#primaryimage\"},\"thumbnailUrl\":\"https:\\\/\\\/naitre-en-couleurs.fr\\\/wp-content\\\/uploads\\\/2025\\\/04\\\/ecrire-sanstitre-1K-JPEG.webp\",\"datePublished\":\"2024-12-21T18:51:53+00:00\",\"dateModified\":\"2025-04-18T07:21:02+00:00\",\"description\":\"Parce que chaque histoire est unique, j\u2019ai cr\u00e9\u00e9 deux carnets d\u2019\u00e9criture pour t\u2019accompagner dans les \u00e9tapes sensibles de ton parcours.\",\"breadcrumb\":{\"@id\":\"https:\\\/\\\/naitre-en-couleurs.fr\\\/carnet\\\/#breadcrumb\"},\"inLanguage\":\"fr-FR\",\"potentialAction\":[{\"@type\":\"ReadAction\",\"target\":[\"https:\\\/\\\/naitre-en-couleurs.fr\\\/carnet\\\/\"]}]},{\"@type\":\"ImageObject\",\"inLanguage\":\"fr-FR\",\"@id\":\"https:\\\/\\\/naitre-en-couleurs.fr\\\/carnet\\\/#primaryimage\",\"url\":\"https:\\\/\\\/naitre-en-couleurs.fr\\\/wp-content\\\/uploads\\\/2025\\\/04\\\/ecrire-sanstitre-1K-JPEG.webp\",\"contentUrl\":\"https:\\\/\\\/naitre-en-couleurs.fr\\\/wp-content\\\/uploads\\\/2025\\\/04\\\/ecrire-sanstitre-1K-JPEG.webp\",\"width\":724,\"height\":482,\"caption\":\"ecrire un journal dans le cas d'une grossesse arr\u00eat\u00e9e \u00e9criture guid\u00e9e\"},{\"@type\":\"BreadcrumbList\",\"@id\":\"https:\\\/\\\/naitre-en-couleurs.fr\\\/carnet\\\/#breadcrumb\",\"itemListElement\":[{\"@type\":\"ListItem\",\"position\":1,\"name\":\"Accueil\",\"item\":\"https:\\\/\\\/naitre-en-couleurs.fr\\\/\"},{\"@type\":\"ListItem\",\"position\":2,\"name\":\"Carnet d&rsquo;\u00e9criture\"}]},{\"@type\":\"WebSite\",\"@id\":\"https:\\\/\\\/naitre-en-couleurs.fr\\\/#website\",\"url\":\"https:\\\/\\\/naitre-en-couleurs.fr\\\/\",\"name\":\"Caroline, Doula des grossesses arr\u00eat\u00e9es et de celles d&#039;apr\u00e8s\",\"description\":\"Accueillir, \u00e9couter, soutenir \u2013 m\u00eame quand la grossesse s\u2019arr\u00eate\",\"publisher\":{\"@id\":\"https:\\\/\\\/naitre-en-couleurs.fr\\\/#organization\"},\"potentialAction\":[{\"@type\":\"SearchAction\",\"target\":{\"@type\":\"EntryPoint\",\"urlTemplate\":\"https:\\\/\\\/naitre-en-couleurs.fr\\\/?s={search_term_string}\"},\"query-input\":{\"@type\":\"PropertyValueSpecification\",\"valueRequired\":true,\"valueName\":\"search_term_string\"}}],\"inLanguage\":\"fr-FR\"},{\"@type\":\"Organization\",\"@id\":\"https:\\\/\\\/naitre-en-couleurs.fr\\\/#organization\",\"name\":\"Naitre en couleurs\",\"url\":\"https:\\\/\\\/naitre-en-couleurs.fr\\\/\",\"logo\":{\"@type\":\"ImageObject\",\"inLanguage\":\"fr-FR\",\"@id\":\"https:\\\/\\\/naitre-en-couleurs.fr\\\/#\\\/schema\\\/logo\\\/image\\\/\",\"url\":\"https:\\\/\\\/naitre-en-couleurs.fr\\\/wp-content\\\/uploads\\\/2025\\\/04\\\/caro_doula2-scaled.webp\",\"contentUrl\":\"https:\\\/\\\/naitre-en-couleurs.fr\\\/wp-content\\\/uploads\\\/2025\\\/04\\\/caro_doula2-scaled.webp\",\"width\":2560,\"height\":427,\"caption\":\"Naitre en couleurs\"},\"image\":{\"@id\":\"https:\\\/\\\/naitre-en-couleurs.fr\\\/#\\\/schema\\\/logo\\\/image\\\/\"},\"sameAs\":[\"https:\\\/\\\/www.facebook.com\\\/Naitre.en.Couleurs\"]}]}<\/script>\n<!-- \/ Yoast SEO plugin. -->","yoast_head_json":{"title":"Carnet d'\u00e9criture - Caroline, Doula des grossesses arr\u00eat\u00e9es et de celles d&#039;apr\u00e8s","description":"Parce que chaque histoire est unique, j\u2019ai cr\u00e9\u00e9 deux carnets d\u2019\u00e9criture pour t\u2019accompagner dans les \u00e9tapes sensibles de ton parcours.","robots":{"index":"index","follow":"follow","max-snippet":"max-snippet:-1","max-image-preview":"max-image-preview:large","max-video-preview":"max-video-preview:-1"},"canonical":"https:\/\/naitre-en-couleurs.fr\/carnet\/","og_locale":"fr_FR","og_type":"article","og_title":"Carnet d'\u00e9criture - Caroline, Doula des grossesses arr\u00eat\u00e9es et de celles d&#039;apr\u00e8s","og_description":"Parce que chaque histoire est unique, j\u2019ai cr\u00e9\u00e9 deux carnets d\u2019\u00e9criture pour t\u2019accompagner dans les \u00e9tapes sensibles de ton parcours.","og_url":"https:\/\/naitre-en-couleurs.fr\/carnet\/","og_site_name":"Caroline, Doula des grossesses arr\u00eat\u00e9es et de celles d&#039;apr\u00e8s","article_publisher":"https:\/\/www.facebook.com\/Naitre.en.Couleurs","article_modified_time":"2025-04-18T07:21:02+00:00","og_image":[{"width":724,"height":482,"url":"https:\/\/naitre-en-couleurs.fr\/wp-content\/uploads\/2025\/04\/ecrire-sanstitre-1K-JPEG.webp","type":"image\/webp"}],"twitter_card":"summary_large_image","twitter_misc":{"Dur\u00e9e de lecture estim\u00e9e":"4 minutes"},"schema":{"@context":"https:\/\/schema.org","@graph":[{"@type":"WebPage","@id":"https:\/\/naitre-en-couleurs.fr\/carnet\/","url":"https:\/\/naitre-en-couleurs.fr\/carnet\/","name":"Carnet d'\u00e9criture - Caroline, Doula des grossesses arr\u00eat\u00e9es et de celles d&#039;apr\u00e8s","isPartOf":{"@id":"https:\/\/naitre-en-couleurs.fr\/#website"},"primaryImageOfPage":{"@id":"https:\/\/naitre-en-couleurs.fr\/carnet\/#primaryimage"},"image":{"@id":"https:\/\/naitre-en-couleurs.fr\/carnet\/#primaryimage"},"thumbnailUrl":"https:\/\/naitre-en-couleurs.fr\/wp-content\/uploads\/2025\/04\/ecrire-sanstitre-1K-JPEG.webp","datePublished":"2024-12-21T18:51:53+00:00","dateModified":"2025-04-18T07:21:02+00:00","description":"Parce que chaque histoire est unique, j\u2019ai cr\u00e9\u00e9 deux carnets d\u2019\u00e9criture pour t\u2019accompagner dans les \u00e9tapes sensibles de ton parcours.","breadcrumb":{"@id":"https:\/\/naitre-en-couleurs.fr\/carnet\/#breadcrumb"},"inLanguage":"fr-FR","potentialAction":[{"@type":"ReadAction","target":["https:\/\/naitre-en-couleurs.fr\/carnet\/"]}]},{"@type":"ImageObject","inLanguage":"fr-FR","@id":"https:\/\/naitre-en-couleurs.fr\/carnet\/#primaryimage","url":"https:\/\/naitre-en-couleurs.fr\/wp-content\/uploads\/2025\/04\/ecrire-sanstitre-1K-JPEG.webp","contentUrl":"https:\/\/naitre-en-couleurs.fr\/wp-content\/uploads\/2025\/04\/ecrire-sanstitre-1K-JPEG.webp","width":724,"height":482,"caption":"ecrire un journal dans le cas d'une grossesse arr\u00eat\u00e9e \u00e9criture guid\u00e9e"},{"@type":"BreadcrumbList","@id":"https:\/\/naitre-en-couleurs.fr\/carnet\/#breadcrumb","itemListElement":[{"@type":"ListItem","position":1,"name":"Accueil","item":"https:\/\/naitre-en-couleurs.fr\/"},{"@type":"ListItem","position":2,"name":"Carnet d&rsquo;\u00e9criture"}]},{"@type":"WebSite","@id":"https:\/\/naitre-en-couleurs.fr\/#website","url":"https:\/\/naitre-en-couleurs.fr\/","name":"Caroline, Doula des grossesses arr\u00eat\u00e9es et de celles d&#039;apr\u00e8s","description":"Accueillir, \u00e9couter, soutenir \u2013 m\u00eame quand la grossesse s\u2019arr\u00eate","publisher":{"@id":"https:\/\/naitre-en-couleurs.fr\/#organization"},"potentialAction":[{"@type":"SearchAction","target":{"@type":"EntryPoint","urlTemplate":"https:\/\/naitre-en-couleurs.fr\/?s={search_term_string}"},"query-input":{"@type":"PropertyValueSpecification","valueRequired":true,"valueName":"search_term_string"}}],"inLanguage":"fr-FR"},{"@type":"Organization","@id":"https:\/\/naitre-en-couleurs.fr\/#organization","name":"Naitre en couleurs","url":"https:\/\/naitre-en-couleurs.fr\/","logo":{"@type":"ImageObject","inLanguage":"fr-FR","@id":"https:\/\/naitre-en-couleurs.fr\/#\/schema\/logo\/image\/","url":"https:\/\/naitre-en-couleurs.fr\/wp-content\/uploads\/2025\/04\/caro_doula2-scaled.webp","contentUrl":"https:\/\/naitre-en-couleurs.fr\/wp-content\/uploads\/2025\/04\/caro_doula2-scaled.webp","width":2560,"height":427,"caption":"Naitre en couleurs"},"image":{"@id":"https:\/\/naitre-en-couleurs.fr\/#\/schema\/logo\/image\/"},"sameAs":["https:\/\/www.facebook.com\/Naitre.en.Couleurs"]}]}},"_links":{"self":[{"href":"https:\/\/naitre-en-couleurs.fr\/wp-json\/wp\/v2\/pages\/1932","targetHints":{"allow":["GET"]}}],"collection":[{"href":"https:\/\/naitre-en-couleurs.fr\/wp-json\/wp\/v2\/pages"}],"about":[{"href":"https:\/\/naitre-en-couleurs.fr\/wp-json\/wp\/v2\/types\/page"}],"author":[{"embeddable":true,"href":"https:\/\/naitre-en-couleurs.fr\/wp-json\/wp\/v2\/users\/1"}],"replies":[{"embeddable":true,"href":"https:\/\/naitre-en-couleurs.fr\/wp-json\/wp\/v2\/comments?post=1932"}],"version-history":[{"count":13,"href":"https:\/\/naitre-en-couleurs.fr\/wp-json\/wp\/v2\/pages\/1932\/revisions"}],"predecessor-version":[{"id":2195,"href":"https:\/\/naitre-en-couleurs.fr\/wp-json\/wp\/v2\/pages\/1932\/revisions\/2195"}],"wp:attachment":[{"href":"https:\/\/naitre-en-couleurs.fr\/wp-json\/wp\/v2\/media?parent=1932"}],"curies":[{"name":"wp","href":"https:\/\/api.w.org\/{rel}","templated":true}]}}